{"id":6,"date":"2022-03-16T14:16:24","date_gmt":"2022-03-16T13:16:24","guid":{"rendered":"https:\/\/www.pozemky-jizni-cechy.cz\/?page_id=6"},"modified":"2024-03-18T21:13:33","modified_gmt":"2024-03-18T20:13:33","slug":"uvod","status":"publish","type":"page","link":"https:\/\/www.pozemky-jizni-cechy.cz\/","title":{"rendered":"Pozemky na bydlen\u00ed a podnik\u00e1n\u00ed v obci Rybova Lhota (u Sob\u011bslavi)"},"content":{"rendered":"\n<p>kter\u00e1 se nach\u00e1z\u00ed v p\u0159ekr\u00e1sn\u00e9m p\u0159\u00edrodn\u00edm prost\u0159ed\u00ed obklopen\u00e1 lesy s v\u00fdhledem do otev\u0159en\u00e9 krajiny a k \u0159ece Lu\u017enici, bl\u00edzko m\u011bsta Sob\u011bslav a T\u00e1bor a sou\u010dasn\u011b s rychl\u00fdm napojen\u00edm na d\u00e1lnici D3 ve sm\u011bru Praha nebo \u010cesk\u00e9 Bud\u011bjovice.<\/p>\n\n\n\n<h2 class=\"wp-block-heading\">Pozemky pro v\u00fdstavbu i jako investice<\/h2>\n\n\n\n<p>V obci Rybova Lhota nab\u00edz\u00edme prodej pozemk\u016f pro bydlen\u00ed v lokalit\u00e1ch Nad str\u00e1n\u011bmi, P\u00edsky u mostu a U Radimovsk\u00e9ho potoka. D\u00e1le prodej pozemku pro podnik\u00e1n\u00ed v lokalit\u011b U Radimovsk\u00e9ho potoka. Parcely maj\u00ed p\u0159ev\u00e1\u017en\u011b obd\u00e9ln\u00edkov\u00fd tvar a jsou rovinat\u00e9 nebo m\u00edrn\u011b sva\u017eit\u00e9.<br>Podle platn\u00e9ho \u00fazemn\u00edho pl\u00e1nu jsou ur\u010deny pro bydlen\u00ed formou rodinn\u00fdch dom\u016f a pozemek pro podnik\u00e1n\u00ed je ur\u010den pro v\u00fdrobu a skladov\u00e1n\u00ed. Ve\u0159ejn\u00e9 in\u017een\u00fdrsk\u00e9 s\u00edt\u011b (vodovod, kanalizace, elekt\u0159ina) pro napojen\u00ed jsou v nejbli\u017e\u0161\u00edm okol\u00ed pozemk\u016f.<\/p>\n","protected":false},"excerpt":{"rendered":"<p>kter\u00e1 se nach\u00e1z\u00ed v p\u0159ekr\u00e1sn\u00e9m p\u0159\u00edrodn\u00edm prost\u0159ed\u00ed obklopen\u00e1 lesy s v\u00fdhledem do otev\u0159en\u00e9 krajiny a k \u0159ece Lu\u017enici, bl\u00edzko m\u011bsta Sob\u011bslav a T\u00e1bor a sou\u010dasn\u011b s rychl\u00fdm napojen\u00edm na d\u00e1lnici D3 ve sm\u011bru Praha nebo \u010cesk\u00e9 Bud\u011bjovice. Pozemky pro v\u00fdstavbu i jako investice V obci Rybova Lhota nab\u00edz\u00edme prodej pozemk\u016f pro bydlen\u00ed v lokalit\u00e1ch Nad [&hellip;]<\/p>\n","protected":false},"author":1,"featured_media":141,"parent":0,"menu_order":0,"comment_status":"closed","ping_status":"closed","template":"","meta":{"_monsterinsights_skip_tracking":false,"_monsterinsights_sitenote_active":false,"_monsterinsights_sitenote_note":"","_monsterinsights_sitenote_category":0,"footnotes":""},"class_list":["post-6","page","type-page","status-publish","has-post-thumbnail","hentry"],"acf":[],"_links":{"self":[{"href":"https:\/\/www.pozemky-jizni-cechy.cz\/index.php\/wp-json\/wp\/v2\/pages\/6","targetHints":{"allow":["GET"]}}],"collection":[{"href":"https:\/\/www.pozemky-jizni-cechy.cz\/index.php\/wp-json\/wp\/v2\/pages"}],"about":[{"href":"https:\/\/www.pozemky-jizni-cechy.cz\/index.php\/wp-json\/wp\/v2\/types\/page"}],"author":[{"embeddable":true,"href":"https:\/\/www.pozemky-jizni-cechy.cz\/index.php\/wp-json\/wp\/v2\/users\/1"}],"replies":[{"embeddable":true,"href":"https:\/\/www.pozemky-jizni-cechy.cz\/index.php\/wp-json\/wp\/v2\/comments?post=6"}],"version-history":[{"count":17,"href":"https:\/\/www.pozemky-jizni-cechy.cz\/index.php\/wp-json\/wp\/v2\/pages\/6\/revisions"}],"predecessor-version":[{"id":211,"href":"https:\/\/www.pozemky-jizni-cechy.cz\/index.php\/wp-json\/wp\/v2\/pages\/6\/revisions\/211"}],"wp:featuredmedia":[{"embeddable":true,"href":"https:\/\/www.pozemky-jizni-cechy.cz\/index.php\/wp-json\/wp\/v2\/media\/141"}],"wp:attachment":[{"href":"https:\/\/www.pozemky-jizni-cechy.cz\/index.php\/wp-json\/wp\/v2\/media?parent=6"}],"curies":[{"name":"wp","href":"https:\/\/api.w.org\/{rel}","templated":true}]}}